{"id":10,"date":"2024-08-02T20:16:43","date_gmt":"2024-08-02T20:16:43","guid":{"rendered":"https:\/\/tornjak.pl\/?page_id=10"},"modified":"2024-10-31T08:46:04","modified_gmt":"2024-10-31T08:46:04","slug":"portofolio","status":"publish","type":"page","link":"https:\/\/tornjak.pl\/?page_id=10","title":{"rendered":"Lager"},"content":{"rendered":"\n<div class=\"wp-block-cover alignfull\" style=\"min-height:300px;aspect-ratio:unset;\"><span aria-hidden=\"true\" class=\"wp-block-cover__background has-nv-site-bg-background-color has-background-dim-100 has-background-dim\"><\/span><div class=\"wp-block-cover__inner-container is-layout-flow wp-block-cover-is-layout-flow\">\n<div class=\"wp-block-group\" style=\"padding-right:var(--wp--preset--spacing--30);padding-left:var(--wp--preset--spacing--30)\"><div class=\"wp-block-group__inner-container is-layout-flow wp-block-group-is-layout-flow\">\n<h1 class=\"wp-block-heading has-text-align-left has-neve-text-color-color has-text-color\">Lager<\/h1>\n<\/div><\/div>\n\n\n\n<p class=\"has-nv-dark-bg-color has-text-color has-link-color wp-elements-b9f3a4370a0bf97edd79036899d8dd1e\">Przedstawiamy naszego Championa Lagera i jego sukcesy na wielu wystawach w ca\u0142ej Polsce.<\/p>\n<\/div><\/div>\n\n\n\n<div class=\"wp-block-cover alignfull\"><span aria-hidden=\"true\" class=\"wp-block-cover__background has-nv-site-bg-background-color has-background-dim-100 has-background-dim\"><\/span><div class=\"wp-block-cover__inner-container is-layout-flow wp-block-cover-is-layout-flow\">\n<div style=\"height:0px\" aria-hidden=\"true\" class=\"wp-block-spacer\"><\/div>\n\n\n\n<div class=\"wp-block-columns are-vertically-aligned-center is-layout-flex wp-container-core-columns-is-layout-1 wp-block-columns-is-layout-flex\">\n<div class=\"wp-block-column is-vertically-aligned-center is-layout-flow wp-block-column-is-layout-flow\" style=\"padding-right:var(--wp--preset--spacing--30);padding-left:var(--wp--preset--spacing--30);flex-basis:50%\">\n<div style=\"height:20px\" aria-hidden=\"true\" class=\"wp-block-spacer\"><\/div>\n\n\n\n<h2 class=\"wp-block-heading has-text-align-left has-neve-text-color-color has-text-color\">Wystawa w Bytomiu<\/h2>\n\n\n\n<div class=\"wp-block-buttons has-custom-font-size has-small-font-size is-content-justification-left is-layout-flex wp-container-core-buttons-is-layout-1 wp-block-buttons-is-layout-flex\"><\/div>\n\n\n\n<figure class=\"wp-block-image size-large\"><img loading=\"lazy\" decoding=\"async\" width=\"766\" height=\"1024\" src=\"https:\/\/tornjak.pl\/wp-content\/uploads\/2024\/08\/tornjak2-1149x1536-1-766x1024.jpg\" alt=\"\" class=\"wp-image-47\" srcset=\"https:\/\/tornjak.pl\/wp-content\/uploads\/2024\/08\/tornjak2-1149x1536-1-766x1024.jpg 766w, https:\/\/tornjak.pl\/wp-content\/uploads\/2024\/08\/tornjak2-1149x1536-1-224x300.jpg 224w, https:\/\/tornjak.pl\/wp-content\/uploads\/2024\/08\/tornjak2-1149x1536-1-768x1027.jpg 768w, https:\/\/tornjak.pl\/wp-content\/uploads\/2024\/08\/tornjak2-1149x1536-1.jpg 1149w\" sizes=\"(max-width: 766px) 100vw, 766px\" \/><\/figure>\n<\/div>\n\n\n\n<div class=\"wp-block-column is-vertically-aligned-center is-layout-flow wp-block-column-is-layout-flow\" style=\"padding-right:var(--wp--preset--spacing--30);padding-left:var(--wp--preset--spacing--30);flex-basis:50%\">\n<figure class=\"wp-block-image size-full has-custom-border is-style-default\"><img loading=\"lazy\" decoding=\"async\" width=\"1149\" height=\"1536\" src=\"https:\/\/tornjak.pl\/wp-content\/uploads\/2024\/08\/tornjak1-1149x1536-3.jpg\" alt=\"\" class=\"wp-image-46\" style=\"border-radius:16px\" srcset=\"https:\/\/tornjak.pl\/wp-content\/uploads\/2024\/08\/tornjak1-1149x1536-3.jpg 1149w, https:\/\/tornjak.pl\/wp-content\/uploads\/2024\/08\/tornjak1-1149x1536-3-224x300.jpg 224w, https:\/\/tornjak.pl\/wp-content\/uploads\/2024\/08\/tornjak1-1149x1536-3-766x1024.jpg 766w, https:\/\/tornjak.pl\/wp-content\/uploads\/2024\/08\/tornjak1-1149x1536-3-768x1027.jpg 768w\" sizes=\"(max-width: 1149px) 100vw, 1149px\" \/><\/figure>\n<\/div>\n<\/div>\n\n\n\n<div class=\"wp-block-columns are-vertically-aligned-center is-layout-flex wp-container-core-columns-is-layout-2 wp-block-columns-is-layout-flex\">\n<div class=\"wp-block-column is-vertically-aligned-center is-layout-flow wp-block-column-is-layout-flow\" style=\"padding-right:var(--wp--preset--spacing--30);padding-left:var(--wp--preset--spacing--30);flex-basis:50%\">\n<div style=\"height:20px\" aria-hidden=\"true\" class=\"wp-block-spacer\"><\/div>\n\n\n\n<h2 class=\"wp-block-heading has-text-align-left has-neve-text-color-color has-text-color\">Wystawa w Mosznej<\/h2>\n\n\n\n<p class=\"has-text-align-left has-neve-text-color-color has-text-color\"><\/p>\n\n\n\n<figure class=\"wp-block-image size-large\"><img loading=\"lazy\" decoding=\"async\" width=\"1024\" height=\"766\" src=\"https:\/\/tornjak.pl\/wp-content\/uploads\/2024\/08\/tornjak4-1536x1149-1-1024x766.jpg\" alt=\"\" class=\"wp-image-49\" srcset=\"https:\/\/tornjak.pl\/wp-content\/uploads\/2024\/08\/tornjak4-1536x1149-1-1024x766.jpg 1024w, https:\/\/tornjak.pl\/wp-content\/uploads\/2024\/08\/tornjak4-1536x1149-1-300x224.jpg 300w, https:\/\/tornjak.pl\/wp-content\/uploads\/2024\/08\/tornjak4-1536x1149-1-768x575.jpg 768w, https:\/\/tornjak.pl\/wp-content\/uploads\/2024\/08\/tornjak4-1536x1149-1.jpg 1536w\" sizes=\"(max-width: 1024px) 100vw, 1024px\" \/><\/figure>\n<\/div>\n\n\n\n<div class=\"wp-block-column is-vertically-aligned-center is-layout-flow wp-block-column-is-layout-flow\" style=\"padding-right:var(--wp--preset--spacing--30);padding-left:var(--wp--preset--spacing--30);flex-basis:50%\">\n<figure class=\"wp-block-image size-full has-custom-border is-style-default\"><img loading=\"lazy\" decoding=\"async\" width=\"1149\" height=\"1536\" src=\"https:\/\/tornjak.pl\/wp-content\/uploads\/2024\/08\/tornjak3-1149x1536-1.jpg\" alt=\"\" class=\"wp-image-48\" style=\"border-radius:16px\" srcset=\"https:\/\/tornjak.pl\/wp-content\/uploads\/2024\/08\/tornjak3-1149x1536-1.jpg 1149w, https:\/\/tornjak.pl\/wp-content\/uploads\/2024\/08\/tornjak3-1149x1536-1-224x300.jpg 224w, https:\/\/tornjak.pl\/wp-content\/uploads\/2024\/08\/tornjak3-1149x1536-1-766x1024.jpg 766w, https:\/\/tornjak.pl\/wp-content\/uploads\/2024\/08\/tornjak3-1149x1536-1-768x1027.jpg 768w\" sizes=\"(max-width: 1149px) 100vw, 1149px\" \/><\/figure>\n<\/div>\n<\/div>\n\n\n\n<div class=\"wp-block-columns are-vertically-aligned-center is-layout-flex wp-container-core-columns-is-layout-3 wp-block-columns-is-layout-flex\">\n<div class=\"wp-block-column is-vertically-aligned-center is-layout-flow wp-block-column-is-layout-flow\" style=\"padding-right:var(--wp--preset--spacing--30);padding-left:var(--wp--preset--spacing--30);flex-basis:50%\">\n<div style=\"height:20px\" aria-hidden=\"true\" class=\"wp-block-spacer\"><\/div>\n\n\n\n<h2 class=\"wp-block-heading has-text-align-left has-neve-text-color-color has-text-color\">Wystawa w Warszawie<\/h2>\n\n\n\n<p class=\"has-text-align-left has-neve-text-color-color has-text-color\"><\/p>\n\n\n\n<figure class=\"wp-block-image size-large\"><img loading=\"lazy\" decoding=\"async\" width=\"1024\" height=\"766\" src=\"https:\/\/tornjak.pl\/wp-content\/uploads\/2024\/08\/tornjak7-1536x1149-1-1024x766.jpg\" alt=\"\" class=\"wp-image-51\" srcset=\"https:\/\/tornjak.pl\/wp-content\/uploads\/2024\/08\/tornjak7-1536x1149-1-1024x766.jpg 1024w, https:\/\/tornjak.pl\/wp-content\/uploads\/2024\/08\/tornjak7-1536x1149-1-300x224.jpg 300w, https:\/\/tornjak.pl\/wp-content\/uploads\/2024\/08\/tornjak7-1536x1149-1-768x575.jpg 768w, https:\/\/tornjak.pl\/wp-content\/uploads\/2024\/08\/tornjak7-1536x1149-1.jpg 1536w\" sizes=\"(max-width: 1024px) 100vw, 1024px\" \/><\/figure>\n<\/div>\n\n\n\n<div class=\"wp-block-column is-vertically-aligned-center is-layout-flow wp-block-column-is-layout-flow\" style=\"padding-right:var(--wp--preset--spacing--30);padding-left:var(--wp--preset--spacing--30);flex-basis:50%\">\n<figure class=\"wp-block-image size-full has-custom-border is-style-default\"><img loading=\"lazy\" decoding=\"async\" width=\"1149\" height=\"1536\" src=\"https:\/\/tornjak.pl\/wp-content\/uploads\/2024\/08\/tornjak6-1149x1536-1.jpg\" alt=\"\" class=\"wp-image-50\" style=\"border-radius:16px\" srcset=\"https:\/\/tornjak.pl\/wp-content\/uploads\/2024\/08\/tornjak6-1149x1536-1.jpg 1149w, https:\/\/tornjak.pl\/wp-content\/uploads\/2024\/08\/tornjak6-1149x1536-1-224x300.jpg 224w, https:\/\/tornjak.pl\/wp-content\/uploads\/2024\/08\/tornjak6-1149x1536-1-766x1024.jpg 766w, https:\/\/tornjak.pl\/wp-content\/uploads\/2024\/08\/tornjak6-1149x1536-1-768x1027.jpg 768w\" sizes=\"(max-width: 1149px) 100vw, 1149px\" \/><\/figure>\n<\/div>\n<\/div>\n\n\n\n<div class=\"wp-block-columns are-vertically-aligned-center is-layout-flex wp-container-core-columns-is-layout-4 wp-block-columns-is-layout-flex\">\n<div class=\"wp-block-column is-vertically-aligned-center is-layout-flow wp-block-column-is-layout-flow\" style=\"padding-right:var(--wp--preset--spacing--30);padding-left:var(--wp--preset--spacing--30);flex-basis:50%\">\n<div style=\"height:20px\" aria-hidden=\"true\" class=\"wp-block-spacer\"><\/div>\n\n\n\n<h2 class=\"wp-block-heading has-text-align-left has-neve-text-color-color has-text-color\">Wystawa we Wroc\u0142awiu<\/h2>\n\n\n\n<p class=\"has-text-align-left has-neve-text-color-color has-text-color\"><\/p>\n\n\n\n<figure class=\"wp-block-image size-large\"><img loading=\"lazy\" decoding=\"async\" width=\"766\" height=\"1024\" src=\"https:\/\/tornjak.pl\/wp-content\/uploads\/2024\/10\/IMG-20240930-WA0004-766x1024.jpg\" alt=\"\" class=\"wp-image-76\" srcset=\"https:\/\/tornjak.pl\/wp-content\/uploads\/2024\/10\/IMG-20240930-WA0004-766x1024.jpg 766w, https:\/\/tornjak.pl\/wp-content\/uploads\/2024\/10\/IMG-20240930-WA0004-224x300.jpg 224w, https:\/\/tornjak.pl\/wp-content\/uploads\/2024\/10\/IMG-20240930-WA0004-768x1027.jpg 768w, https:\/\/tornjak.pl\/wp-content\/uploads\/2024\/10\/IMG-20240930-WA0004-1149x1536.jpg 1149w, https:\/\/tornjak.pl\/wp-content\/uploads\/2024\/10\/IMG-20240930-WA0004.jpg 1532w\" sizes=\"(max-width: 766px) 100vw, 766px\" \/><\/figure>\n<\/div>\n\n\n\n<div class=\"wp-block-column is-vertically-aligned-center is-layout-flow wp-block-column-is-layout-flow\" style=\"padding-right:var(--wp--preset--spacing--30);padding-left:var(--wp--preset--spacing--30);flex-basis:50%\">\n<figure class=\"wp-block-image size-full has-custom-border is-style-default\"><img loading=\"lazy\" decoding=\"async\" width=\"1532\" height=\"2048\" src=\"https:\/\/tornjak.pl\/wp-content\/uploads\/2024\/10\/IMG-20240930-WA0003.jpg\" alt=\"\" class=\"wp-image-77\" style=\"border-radius:16px\" srcset=\"https:\/\/tornjak.pl\/wp-content\/uploads\/2024\/10\/IMG-20240930-WA0003.jpg 1532w, https:\/\/tornjak.pl\/wp-content\/uploads\/2024\/10\/IMG-20240930-WA0003-224x300.jpg 224w, https:\/\/tornjak.pl\/wp-content\/uploads\/2024\/10\/IMG-20240930-WA0003-766x1024.jpg 766w, https:\/\/tornjak.pl\/wp-content\/uploads\/2024\/10\/IMG-20240930-WA0003-768x1027.jpg 768w, https:\/\/tornjak.pl\/wp-content\/uploads\/2024\/10\/IMG-20240930-WA0003-1149x1536.jpg 1149w\" sizes=\"(max-width: 1532px) 100vw, 1532px\" \/><\/figure>\n<\/div>\n<\/div>\n\n\n\n<div style=\"height:50px\" aria-hidden=\"true\" class=\"wp-block-spacer\"><\/div>\n<\/div><\/div>\n\n\n\n<div class=\"wp-block-cover alignfull\" style=\"padding-right:0;padding-left:0;min-height:300px;aspect-ratio:unset;\"><span aria-hidden=\"true\" class=\"wp-block-cover__background has-nv-dark-bg-background-color has-background-dim-100 has-background-dim\"><\/span><div class=\"wp-block-cover__inner-container is-layout-flow wp-block-cover-is-layout-flow\">\n<div class=\"wp-block-columns is-layout-flex wp-container-core-columns-is-layout-5 wp-block-columns-is-layout-flex\">\n<div class=\"wp-block-column is-layout-flow wp-block-column-is-layout-flow\" style=\"flex-basis:20%\"><\/div>\n\n\n\n<div class=\"wp-block-column is-layout-flow wp-block-column-is-layout-flow\" style=\"flex-basis:60%\">\n<div class=\"wp-block-group\" style=\"padding-right:var(--wp--preset--spacing--30);padding-left:var(--wp--preset--spacing--30)\"><div class=\"wp-block-group__inner-container is-layout-constrained wp-block-group-is-layout-constrained\">\n<div style=\"height:0px\" aria-hidden=\"true\" class=\"wp-block-spacer\"><\/div>\n\n\n\n<div style=\"height:24px\" aria-hidden=\"true\" class=\"wp-block-spacer\"><\/div>\n\n\n\n<p class=\"has-text-align-center has-nv-text-dark-bg-color has-text-color\">Aktualnie oferujemy krycie naszym utytu\u0142owanym reproduktorem Lagerem. <\/p>\n\n\n\n<p class=\"has-text-align-center has-nv-text-dark-bg-color has-text-color\">Prosimy o kontakt telefoniczny:  698 960 449<\/p>\n\n\n\n<p class=\"has-text-align-center has-nv-text-dark-bg-color has-text-color\"><a href=\"http:\/\/malowanaizba.pl\">Odwied\u017a nasz\u0105 stron\u0119: malowanaizba.pl<\/a><\/p>\n\n\n\n<p><\/p>\n\n\n\n<p><\/p>\n\n\n\n<div style=\"height:0px\" aria-hidden=\"true\" class=\"wp-block-spacer\"><\/div>\n\n\n\n<figure class=\"wp-block-image size-large\"><img loading=\"lazy\" decoding=\"async\" width=\"1024\" height=\"394\" src=\"https:\/\/tornjak.pl\/wp-content\/uploads\/2024\/08\/tornjak3-1300x500-2-1024x394.jpg\" alt=\"\" class=\"wp-image-53\" srcset=\"https:\/\/tornjak.pl\/wp-content\/uploads\/2024\/08\/tornjak3-1300x500-2-1024x394.jpg 1024w, https:\/\/tornjak.pl\/wp-content\/uploads\/2024\/08\/tornjak3-1300x500-2-300x115.jpg 300w, https:\/\/tornjak.pl\/wp-content\/uploads\/2024\/08\/tornjak3-1300x500-2-768x295.jpg 768w, https:\/\/tornjak.pl\/wp-content\/uploads\/2024\/08\/tornjak3-1300x500-2.jpg 1300w\" sizes=\"(max-width: 1024px) 100vw, 1024px\" \/><\/figure>\n<\/div><\/div>\n<\/div>\n\n\n\n<div class=\"wp-block-column is-layout-flow wp-block-column-is-layout-flow\" style=\"flex-basis:20%\"><\/div>\n<\/div>\n<\/div><\/div>\n","protected":false},"excerpt":{"rendered":"","protected":false},"author":1,"featured_media":0,"parent":0,"menu_order":0,"comment_status":"closed","ping_status":"closed","template":"","meta":{"neve_meta_sidebar":"","neve_meta_container":"","neve_meta_enable_content_width":"on","neve_meta_content_width":100,"neve_meta_title_alignment":"","neve_meta_author_avatar":"","neve_post_elements_order":"","neve_meta_disable_header":"","neve_meta_disable_footer":"","neve_meta_disable_title":"on","footnotes":""},"_links":{"self":[{"href":"https:\/\/tornjak.pl\/index.php?rest_route=\/wp\/v2\/pages\/10"}],"collection":[{"href":"https:\/\/tornjak.pl\/index.php?rest_route=\/wp\/v2\/pages"}],"about":[{"href":"https:\/\/tornjak.pl\/index.php?rest_route=\/wp\/v2\/types\/page"}],"author":[{"embeddable":true,"href":"https:\/\/tornjak.pl\/index.php?rest_route=\/wp\/v2\/users\/1"}],"replies":[{"embeddable":true,"href":"https:\/\/tornjak.pl\/index.php?rest_route=%2Fwp%2Fv2%2Fcomments&post=10"}],"version-history":[{"count":3,"href":"https:\/\/tornjak.pl\/index.php?rest_route=\/wp\/v2\/pages\/10\/revisions"}],"predecessor-version":[{"id":78,"href":"https:\/\/tornjak.pl\/index.php?rest_route=\/wp\/v2\/pages\/10\/revisions\/78"}],"wp:attachment":[{"href":"https:\/\/tornjak.pl\/index.php?rest_route=%2Fwp%2Fv2%2Fmedia&parent=10"}],"curies":[{"name":"wp","href":"https:\/\/api.w.org\/{rel}","templated":true}]}}