{"id":7,"date":"2024-08-02T20:16:43","date_gmt":"2024-08-02T20:16:43","guid":{"rendered":"https:\/\/tornjak.pl\/?page_id=7"},"modified":"2024-10-31T08:51:06","modified_gmt":"2024-10-31T08:51:06","slug":"strona-glowna","status":"publish","type":"page","link":"https:\/\/tornjak.pl\/","title":{"rendered":"Strona g\u0142\u00f3wna"},"content":{"rendered":"\n<div style=\"height:14px\" aria-hidden=\"true\" class=\"wp-block-spacer\"><\/div>\n\n\n\n<div class=\"wp-block-cover alignfull\" style=\"min-height:882px;aspect-ratio:unset;\"><span aria-hidden=\"true\" class=\"wp-block-cover__background has-nv-light-bg-background-color has-background-dim-80 has-background-dim\"><\/span><div class=\"wp-block-cover__inner-container is-layout-flow wp-block-cover-is-layout-flow\">\n<div class=\"wp-block-group\"><div class=\"wp-block-group__inner-container is-layout-flow wp-block-group-is-layout-flow\">\n<div style=\"height:0px\" aria-hidden=\"true\" class=\"wp-block-spacer\"><\/div>\n\n\n\n<div class=\"wp-block-columns is-layout-flex wp-container-core-columns-is-layout-1 wp-block-columns-is-layout-flex\">\n<div class=\"wp-block-column is-layout-flow wp-block-column-is-layout-flow\" style=\"padding-right:0;padding-left:0;flex-basis:20%\">\n<div class=\"wp-block-group is-vertical is-content-justification-center is-layout-flex wp-container-core-group-is-layout-1 wp-block-group-is-layout-flex\"><\/div>\n<\/div>\n\n\n\n<div class=\"wp-block-column is-layout-flow wp-block-column-is-layout-flow\" style=\"flex-basis:60%\">\n<div class=\"wp-block-group is-vertical is-content-justification-center is-layout-flex wp-container-core-group-is-layout-2 wp-block-group-is-layout-flex\">\n<h2 class=\"wp-block-heading has-text-align-center has-neve-text-color-color has-text-color has-link-color wp-elements-69cab180c83d77a81b10bd7e5274def8\">Witaj na stronie po\u015bwi\u0119conej psom rasy Tornjak<\/h2>\n\n\n\n<div style=\"height:0px\" aria-hidden=\"true\" class=\"wp-block-spacer wp-container-content-1\"><\/div>\n<\/div>\n<\/div>\n\n\n\n<div class=\"wp-block-column is-layout-flow wp-block-column-is-layout-flow\" style=\"flex-basis:20%\">\n<div class=\"wp-block-group is-vertical is-content-justification-center is-layout-flex wp-container-core-group-is-layout-3 wp-block-group-is-layout-flex\"><\/div>\n<\/div>\n<\/div>\n<\/div><\/div>\n\n\n<div class=\"wp-block-image\">\n<figure class=\"aligncenter size-large\"><img loading=\"lazy\" decoding=\"async\" width=\"1024\" height=\"395\" src=\"https:\/\/tornjak.pl\/wp-content\/uploads\/2024\/08\/tornjak9-1297x500-2-1024x395.jpg\" alt=\"\" class=\"wp-image-69\" srcset=\"https:\/\/tornjak.pl\/wp-content\/uploads\/2024\/08\/tornjak9-1297x500-2-1024x395.jpg 1024w, https:\/\/tornjak.pl\/wp-content\/uploads\/2024\/08\/tornjak9-1297x500-2-300x116.jpg 300w, https:\/\/tornjak.pl\/wp-content\/uploads\/2024\/08\/tornjak9-1297x500-2-768x296.jpg 768w, https:\/\/tornjak.pl\/wp-content\/uploads\/2024\/08\/tornjak9-1297x500-2.jpg 1297w\" sizes=\"(max-width: 1024px) 100vw, 1024px\" \/><\/figure><\/div><\/div><\/div>\n\n\n\n<div class=\"wp-block-cover alignfull has-nv-text-dark-bg-color has-text-color has-link-color wp-elements-03573089907940d906734bbb2761c9a8\" style=\"min-height:420px;aspect-ratio:unset;\"><span aria-hidden=\"true\" class=\"wp-block-cover__background has-nv-dark-bg-background-color has-background-dim-100 has-background-dim\"><\/span><div class=\"wp-block-cover__inner-container is-layout-flow wp-block-cover-is-layout-flow\">\n<div style=\"height:0px\" aria-hidden=\"true\" class=\"wp-block-spacer\"><\/div>\n\n\n\n<div class=\"wp-block-columns is-layout-flex wp-container-core-columns-is-layout-2 wp-block-columns-is-layout-flex\">\n<div class=\"wp-block-column ticss-4ce656f1 is-layout-flow wp-block-column-is-layout-flow\">\n<div style=\"height:24px\" aria-hidden=\"true\" class=\"wp-block-spacer\"><\/div>\n\n\n\n<p class=\"has-nv-light-bg-color has-text-color has-link-color wp-elements-766163cd3d8d284f56f743aef1c138f0\"><strong>Nazwa rasy pochodzi o&nbsp;chorwackiego s\u0142owa&nbsp;<em>tor.&nbsp;<\/em><\/strong>Oznacza ono zagrod\u0119 dla owiec.<\/p>\n\n\n\n<p class=\"has-nv-light-bg-color has-text-color has-link-color wp-elements-73c8e4c3ffc183e2cbc0fcef9f46c4f7\"><\/p>\n\n\n\n<div style=\"height:20px\" aria-hidden=\"true\" class=\"wp-block-spacer\"><\/div>\n<\/div>\n\n\n\n<div class=\"wp-block-column ticss-f6fc7494 is-layout-flow wp-block-column-is-layout-flow\">\n<div style=\"height:24px\" aria-hidden=\"true\" class=\"wp-block-spacer\"><\/div>\n\n\n\n<p class=\"has-nv-light-bg-color has-text-color has-link-color wp-elements-c82f917d3f5de95a3c1bf8678192c9c0\">Tornjak cieszy si\u0119 dobrym zdrowiem. To&nbsp;rasa stworzona do&nbsp;pracy. Jest wytrzyma\u0142y i&nbsp;odporny. Nie ma&nbsp;\u017cadnych typowych dla siebie chor\u00f3b.<\/p>\n\n\n\n<div style=\"height:20px\" aria-hidden=\"true\" class=\"wp-block-spacer\"><\/div>\n<\/div>\n\n\n\n<div class=\"wp-block-column ticss-a5b4df29 is-layout-flow wp-block-column-is-layout-flow\">\n<div style=\"height:24px\" aria-hidden=\"true\" class=\"wp-block-spacer\"><\/div>\n\n\n\n<p class=\"has-nv-light-bg-color has-text-color has-link-color wp-elements-181cd284aea9afc6bf59f7b3668ebbe8\">Tornjaki, kt\u00f3re maj\u0105 jednolite umaszczenie, mask\u0119 lub dwubarwne oczy s\u0105&nbsp;eliminowane z&nbsp;hodowli.<\/p>\n\n\n\n<div style=\"height:20px\" aria-hidden=\"true\" class=\"wp-block-spacer\"><\/div>\n<\/div>\n<\/div>\n\n\n\n<div style=\"height:0px\" aria-hidden=\"true\" class=\"wp-block-spacer\"><\/div>\n<\/div><\/div>\n\n\n\n<div class=\"wp-block-cover alignfull\" style=\"min-height:600px;aspect-ratio:unset;\"><span aria-hidden=\"true\" class=\"wp-block-cover__background has-nv-site-bg-background-color has-background-dim-100 has-background-dim\"><\/span><div class=\"wp-block-cover__inner-container is-layout-flow wp-block-cover-is-layout-flow\">\n<div class=\"wp-block-group\"><div class=\"wp-block-group__inner-container is-layout-flow wp-block-group-is-layout-flow\">\n<div style=\"height:0px\" aria-hidden=\"true\" class=\"wp-block-spacer\"><\/div>\n\n\n\n<div class=\"wp-block-columns are-vertically-aligned-center is-layout-flex wp-container-core-columns-is-layout-3 wp-block-columns-is-layout-flex\">\n<div class=\"wp-block-column is-vertically-aligned-center is-layout-flow wp-block-column-is-layout-flow\" style=\"padding-right:var(--wp--preset--spacing--30);padding-left:var(--wp--preset--spacing--30);flex-basis:50%\">\n<figure class=\"wp-block-image size-full is-resized has-custom-border is-style-default\"><img loading=\"lazy\" decoding=\"async\" width=\"1299\" height=\"500\" src=\"https:\/\/tornjak.pl\/wp-content\/uploads\/2024\/08\/tornjak6-1-1299x500-1.jpg\" alt=\"\" class=\"wp-image-65\" style=\"border-radius:16px;width:548px;height:auto\" srcset=\"https:\/\/tornjak.pl\/wp-content\/uploads\/2024\/08\/tornjak6-1-1299x500-1.jpg 1299w, https:\/\/tornjak.pl\/wp-content\/uploads\/2024\/08\/tornjak6-1-1299x500-1-300x115.jpg 300w, https:\/\/tornjak.pl\/wp-content\/uploads\/2024\/08\/tornjak6-1-1299x500-1-1024x394.jpg 1024w, https:\/\/tornjak.pl\/wp-content\/uploads\/2024\/08\/tornjak6-1-1299x500-1-768x296.jpg 768w\" sizes=\"(max-width: 1299px) 100vw, 1299px\" \/><\/figure>\n<\/div>\n\n\n\n<div class=\"wp-block-column is-vertically-aligned-center is-layout-flow wp-block-column-is-layout-flow\" style=\"padding-right:var(--wp--preset--spacing--30);padding-left:var(--wp--preset--spacing--30);flex-basis:50%\">\n<div style=\"height:20px\" aria-hidden=\"true\" class=\"wp-block-spacer\"><\/div>\n\n\n\n<h2 class=\"wp-block-heading\"><\/h2>\n\n\n\n<h2 class=\"wp-block-heading has-nv-dark-bg-color has-text-color has-link-color wp-elements-d6a2cb1c5b765c8b767f64723fff5000\">Pochodzenie<\/h2>\n\n\n\n<p class=\"has-nv-dark-bg-color has-text-color has-link-color wp-elements-dfe6e4495b7ac90f3f2155c1ec4c98a9\">Pochodzenie i&nbsp;historia owczark\u00f3w bo\u015bniacko-chorwackich jest niepewna, ale ich cechy charakteru zdecydowa\u0142y o&nbsp;odtworzeniu rasy. Ten \u0142agodny olbrzym ch\u0119tnie wsp\u00f3\u0142pracuje z&nbsp;cz\u0142owiekiem.&nbsp;<strong>Jako p<\/strong><strong>ies tornjak sprawdzi si\u0119 nawet w&nbsp;r\u0119kach niedo\u015bwiadczonej osoby.<\/strong>&nbsp;Podstaw\u0105 jest jednak wybranie dobrej hodowli, zapewnienie pupilowi komfortowych warunk\u00f3w \u017cycia i&nbsp;po\u015bwi\u0119cenie mu&nbsp;regularnie czasu.<\/p>\n\n\n\n<p><\/p>\n\n\n\n<div class=\"wp-block-buttons has-custom-font-size has-small-font-size is-content-justification-left is-layout-flex wp-container-core-buttons-is-layout-1 wp-block-buttons-is-layout-flex\"><\/div>\n<\/div>\n<\/div>\n\n\n\n<div class=\"wp-block-columns are-vertically-aligned-center is-layout-flex wp-container-core-columns-is-layout-4 wp-block-columns-is-layout-flex\">\n<div class=\"wp-block-column is-vertically-aligned-center is-layout-flow wp-block-column-is-layout-flow\" style=\"padding-right:var(--wp--preset--spacing--30);padding-left:var(--wp--preset--spacing--30);flex-basis:50%\">\n<div style=\"height:20px\" aria-hidden=\"true\" class=\"wp-block-spacer\"><\/div>\n\n\n\n<h2 class=\"wp-block-heading has-text-align-left has-neve-text-color-color has-text-color\">Tornjak w rodzinie<\/h2>\n\n\n\n<p class=\"has-text-align-left has-neve-text-color-color has-text-color\" style=\"font-size:17px\">Tornjak zwykle lubi dzieci i&nbsp;dogaduje si\u0119 z&nbsp;innymi zwierz\u0119tami. Prawid\u0142owo zsocjalizowany szczeniak, kupiony ze&nbsp;sprawdzonej hodowli FCI, to&nbsp;czworon\u00f3g, kt\u00f3ry sprawdzi si\u0119 jako pies rodzinny. Nie jest nadmiernie aktywny, ale&nbsp;<strong>trzeba mu&nbsp;zapewni\u0107 regularny ruch i&nbsp;odpowiedni\u0105 ilo\u015b\u0107 po\u017cywienia<\/strong>. &nbsp;<\/p>\n\n\n\n<div class=\"wp-block-buttons has-custom-font-size has-small-font-size is-content-justification-left is-layout-flex wp-container-core-buttons-is-layout-2 wp-block-buttons-is-layout-flex\">\n<div class=\"wp-block-button has-custom-font-size is-style-default\" style=\"font-size:16px\"><a class=\"wp-block-button__link has-nv-text-dark-bg-color has-neve-link-color-background-color has-text-color has-background has-link-color wp-element-button\" href=\"https:\/\/tornjak.pl\/?page_id=8\">Dowiedz si\u0119 wi\u0119cej<\/a><\/div>\n<\/div>\n<\/div>\n\n\n\n<div class=\"wp-block-column is-vertically-aligned-center is-layout-flow wp-block-column-is-layout-flow\" style=\"padding-right:var(--wp--preset--spacing--30);padding-left:var(--wp--preset--spacing--30);flex-basis:50%\">\n<figure class=\"wp-block-image size-full has-custom-border is-style-default\"><img loading=\"lazy\" decoding=\"async\" width=\"1300\" height=\"500\" src=\"https:\/\/tornjak.pl\/wp-content\/uploads\/2024\/08\/tornjak5-1300x500-1.jpg\" alt=\"\" class=\"wp-image-66\" style=\"border-radius:16px\" srcset=\"https:\/\/tornjak.pl\/wp-content\/uploads\/2024\/08\/tornjak5-1300x500-1.jpg 1300w, https:\/\/tornjak.pl\/wp-content\/uploads\/2024\/08\/tornjak5-1300x500-1-300x115.jpg 300w, https:\/\/tornjak.pl\/wp-content\/uploads\/2024\/08\/tornjak5-1300x500-1-1024x394.jpg 1024w, https:\/\/tornjak.pl\/wp-content\/uploads\/2024\/08\/tornjak5-1300x500-1-768x295.jpg 768w\" sizes=\"(max-width: 1300px) 100vw, 1300px\" \/><\/figure>\n<\/div>\n<\/div>\n\n\n\n<div style=\"height:40px\" aria-hidden=\"true\" class=\"wp-block-spacer\"><\/div>\n<\/div><\/div>\n<\/div><\/div>\n","protected":false},"excerpt":{"rendered":"","protected":false},"author":1,"featured_media":0,"parent":0,"menu_order":0,"comment_status":"closed","ping_status":"closed","template":"","meta":{"neve_meta_sidebar":"","neve_meta_container":"","neve_meta_enable_content_width":"on","neve_meta_content_width":100,"neve_meta_title_alignment":"","neve_meta_author_avatar":"","neve_post_elements_order":"","neve_meta_disable_header":"","neve_meta_disable_footer":"","neve_meta_disable_title":"on","footnotes":""},"_links":{"self":[{"href":"https:\/\/tornjak.pl\/index.php?rest_route=\/wp\/v2\/pages\/7"}],"collection":[{"href":"https:\/\/tornjak.pl\/index.php?rest_route=\/wp\/v2\/pages"}],"about":[{"href":"https:\/\/tornjak.pl\/index.php?rest_route=\/wp\/v2\/types\/page"}],"author":[{"embeddable":true,"href":"https:\/\/tornjak.pl\/index.php?rest_route=\/wp\/v2\/users\/1"}],"replies":[{"embeddable":true,"href":"https:\/\/tornjak.pl\/index.php?rest_route=%2Fwp%2Fv2%2Fcomments&post=7"}],"version-history":[{"count":6,"href":"https:\/\/tornjak.pl\/index.php?rest_route=\/wp\/v2\/pages\/7\/revisions"}],"predecessor-version":[{"id":79,"href":"https:\/\/tornjak.pl\/index.php?rest_route=\/wp\/v2\/pages\/7\/revisions\/79"}],"wp:attachment":[{"href":"https:\/\/tornjak.pl\/index.php?rest_route=%2Fwp%2Fv2%2Fmedia&parent=7"}],"curies":[{"name":"wp","href":"https:\/\/api.w.org\/{rel}","templated":true}]}}